{"id":5484,"date":"2024-08-12T12:51:52","date_gmt":"2024-08-12T17:51:52","guid":{"rendered":"http:\/\/190.146.68.31\/estrategiasalarial\/?page_id=5484"},"modified":"2026-03-06T12:28:17","modified_gmt":"2026-03-06T17:28:17","slug":"calculadora-salarial-para-empresas","status":"publish","type":"page","link":"http:\/\/190.146.68.31\/estrategiasalarial\/calculadora-salarial-para-empresas\/","title":{"rendered":"Calculadora salarial para empresas"},"content":{"rendered":"\t\t<div data-elementor-type=\"wp-page\" data-elementor-id=\"5484\" class=\"elementor elementor-5484\">\n\t\t\t\t\t\t<section class=\"elementor-section elementor-top-section elementor-element elementor-element-ca00d56 ot-traditional elementor-section-boxed elementor-section-height-default elementor-section-height-default\" data-id=\"ca00d56\" data-element_type=\"section\" data-e-type=\"section\">\n\t\t\t\t\t\t<div class=\"elementor-container elementor-column-gap-default\">\n\t\t\t\t\t<div class=\"elementor-column elementor-col-100 elementor-top-column elementor-element elementor-element-ffdf0ac ot-flex-column-vertical\" data-id=\"ffdf0ac\" data-element_type=\"column\" data-e-type=\"column\">\n\t\t\t<div class=\"elementor-widget-wrap elementor-element-populated\">\n\t\t\t\t\t\t<div class=\"elementor-element elementor-element-ef05e49 elementor-widget elementor-widget-html\" data-id=\"ef05e49\" data-element_type=\"widget\" data-e-type=\"widget\" data-widget_type=\"html.default\">\n\t\t\t\t<div class=\"elementor-widget-container\">\n\t\t\t\t\t<div id=\"calculadora\">\r\n\t\t<h3 class=\"text-center\">CALCULADORA SALARIAL COLOMBIA A&Ntilde;O 2024<\/h3>\r\n\t\t<h5 class=\"text-center\">PARA EMPRESAS<\/h5>\r\n<p class=\"text-center\">La calculadora salarial Colombia a\u00f1o 2024 te ayudar\u00e1 a estimar los costos laborales pactados entre empleadores y trabajadores, adem\u00e1s de calcular prima, calcular cesant\u00edas, intereses de cesant\u00edas entre otros y te permitir\u00e1 tomar desiciones de manera oportuna.<\/p>\t\t\r\n\t\t<div class=\"section-center\">\r\n\t\t\t<div class=\"container\">\r\n\t\t\t\t<div class=\"row\">\r\n\t\t\t\t\t<div class=\"booking-form\">\r\n\t\t\t\t\t\t<form>\r\n\t\t\t\t\t\t\t<div class=\"col-md-4\">\r\n\t\t\t\t\t\t\t\t<div class=\"form-group\">\r\n\t\t\t\t\t\t\t\t\t<input class=\"form-control\" id=\"F2\" readonly=\"readonly\" style=\"background-color:#CCCCCC;\" type=\"text\" value=\"1750905\" disabled>\r\n\t\t\t\t\t\t\t\t\t<span class=\"form-label\">Salario M\u00ednimo<\/span>\r\n\t\t\t\t\t\t\t\t<\/div>\r\n\t\t\t\t\t\t\t<\/div>\r\n\t\t\t\t\t\t\t<div class=\"col-md-4\">\r\n\t\t\t\t\t\t\t\t<div class=\"form-group\">\r\n\t\t\t\t\t\t\t\t\t<input class=\"form-control\" id=\"F3\" readonly=\"readonly\" style=\"background-color:#CCCCCC;\" type=\"text\" value=\"249095\" disabled>\r\n\t\t\t\t\t\t\t\t\t<span class=\"form-label\">Sub. Transporte<\/span>\r\n\t\t\t\t\t\t\t\t<\/div>\r\n\t\t\t\t\t\t\t<\/div>\r\n\t\t\t\t\t\t\t<div class=\"col-md-4\">\r\n\t\t\t\t\t\t\t\t<div class=\"form-group\">\r\n\t\t\t\t\t\t\t\t\t<input class=\"form-control\" id=\"F4\" readonly=\"readonly\" style=\"background-color:#CCCCCC;\" type=\"text\" value=\"22761765\" disabled>\r\n\t\t\t\t\t\t\t\t\t<span class=\"form-label\">Salario Integral<\/span>\r\n\t\t\t\t\t\t\t\t<\/div>\r\n\t\t\t\t\t\t\t<\/div>\r\n\t\t\t\t\t\t\t<div class=\"col-md-4\">\r\n\t\t\t\t\t\t\t\t<div class=\"form-group\">\r\n\t\t\t\t\t\t\t\t\t<input class=\"form-control\" id=\"F5\" readonly=\"readonly\" style=\"background-color:#CCCCCC;\" type=\"text\" value=\"52374\" disabled>\r\n\t\t\t\t\t\t\t\t\t<span class=\"form-label\">UVT Actual<\/span>\r\n\t\t\t\t\t\t\t\t<\/div>\r\n\t\t\t\t\t\t\t<\/div>\r\n\t\t\t\t\t\t\t<div class=\"col-md-4\">\r\n\t\t\t\t\t\t\t\t<div class=\"form-group\">\r\n\t\t\t\t\t\t\t\t\t<input class=\"form-control\" id=\"F6\" readonly=\"readonly\" style=\"background-color:#CCCCCC;\" type=\"text\" value=\"20702900\" disabled>\r\n\t\t\t\t\t\t\t\t\t<span class=\"form-label\">Tope Seg. Social<\/span>\r\n\t\t\t\t\t\t\t\t<\/div>\r\n\t\t\t\t\t\t\t<\/div>\r\n\t\t\t\t\t\t\t<div class=\"col-md-4\">\r\n\t\t\t\t\t\t\t\t<div class=\"form-group\">\r\n\t\t\t\t\t\t\t\t\t<input class=\"form-control\" id=\"F7\" readonly=\"readonly\" style=\"background-color:#CCCCCC;\" type=\"text\" value=\"7957440\" disabled>\r\n\t\t\t\t\t\t\t\t\t<span class=\"form-label\">Renta Exenta<\/span>\r\n\t\t\t\t\t\t\t\t<\/div>\r\n\t\t\t\t\t\t\t<\/div>\r\n\t\t<div class=\"encabezado\"><h4>Por favor digite los siguientes datos:<\/h4><\/div>\r\n\t\t\t\t\t\t\t<!--<div class=\"col-md-4\">\r\n\t\t\t\t\t\t\t\t<div class=\"form-btn\">\r\n\t\t\t\t\t\t\t\t\t<button class=\"submit-btn\">Check availability<\/button>\r\n\t\t\t\t\t\t\t\t<\/div>\r\n\t\t\t\t\t\t\t<\/div>-->\r\n\t\t\t\t\t\t<\/form>\r\n\t\t\t\t\t<\/div>\r\n\t\t\t\t<\/div>\r\n\t\t\t<\/div>\r\n\t\t<\/div>\r\n\t\t<div class=\"booking-form\">\r\n\t\t\t\t\t\t\t<div class=\"col-md-3\">\r\n\t\t\t\t\t\t\t\t<div class=\"form-group\">\r\n\t\t\t\t\t\t\t\t\t<select class=\"form-control\" id=\"F9\">\r\n\t\t\t\t\t\t\t\t\t\t<option>Sueldo b\u00e1sico<\/option>\r\n\t\t\t\t\t\t\t\t\t\t<option>Salario integral<\/option>\r\n\t\t\t\t\t\t\t\t\t<\/select>\r\n\t\t\t\t\t\t\t\t\t<span class=\"select-arrow\"><\/span>\r\n\t\t\t\t\t\t\t\t\t<span class=\"form-label\">Tipo de Salario<\/span>\r\n\t\t\t\t\t\t\t\t<\/div>\r\n\t\t\t\t\t\t\t<\/div>\r\n\t\t\t\t\t\t\t<div class=\"col-md-3\">\r\n\t\t\t\t\t\t\t\t<div class=\"form-group\">\r\n\t\t\t\t\t\t\t\t\t<input class=\"form-control\" id=\"F11\" onblur=\"c_blur(this)\" onclick=\"c_click(this)\" type=\"text\" value=\"0\"  >\r\n\t\t\t\t\t\t\t\t\t<span class=\"form-label\">Salario<\/span>\r\n\t\t\t\t\t\t\t\t<\/div>\r\n\t\t\t\t\t\t\t<\/div>\r\n\t\t\t\t\t\t\t<div class=\"col-md-3\">\r\n\t\t\t\t\t\t\t\t<div class=\"form-group\">\r\n\t\t\t\t\t\t\t\t\t<input class=\"form-control\" id=\"F12\" onblur=\"c_blur(this)\" onclick=\"c_click(this)\" type=\"text\" value=\"0\" >\r\n\t\t\t\t\t\t\t\t\t<span class=\"form-label\">Comisiones y\/o Bonificaciones Habituales<\/span>\r\n\t\t\t\t\t\t\t\t<\/div>\r\n\t\t\t\t\t\t\t<\/div>\r\n\t\t\t\t\t\t\t<div class=\"col-md-3\">\r\n\t\t\t\t\t\t\t\t<div class=\"form-group\">\r\n\t\t\t\t\t\t\t\t\t<input class=\"form-control\" id=\"F13\" onblur=\"c_blur(this)\" onclick=\"c_click(this)\" type=\"text\" value=\"0\" >\r\n\t\t\t\t\t\t\t\t\t<span class=\"form-label\">Horas Extras, Recargos, Vacaciones<\/span>\r\n\t\t\t\t\t\t\t\t<\/div>\r\n\t\t\t\t\t\t\t<\/div>\r\n\t\t\t\t\t\t\t<div class=\"col-md-3\">\r\n\t\t\t\t\t\t\t\t<div class=\"form-group\">\r\n\t\t\t\t\t\t\t\t\t<input class=\"form-control\" id=\"F14\" onblur=\"c_blur(this)\" onclick=\"c_click(this)\" title=\"Ingrese otros valores pactados en su contrato como NO SALARIALES. Art. 128 y 129 C.S.T.\" type=\"text\" value=\"0\" >\r\n\t\t\t\t\t\t\t\t\t<span class=\"form-label\">Otros Ingresos No Salariales<\/span>\r\n\t\t\t\t\t\t\t\t<\/div>\r\n\t\t\t\t\t\t\t<\/div>\r\n\t\t\t\t\t\t\t<div class=\"col-md-3\">\r\n\t\t\t\t\t\t\t\t<div class=\"form-group\">\r\n\t\t\t\t\t\t\t\t\t<input class=\"form-control\" id=\"F_trabsporte\" readonly=\"readonly\" style=\"background-color:#CCCCCC; \" type=\"text\" value=\"0\"  >\r\n\t\t\t\t\t\t\t\t\t<span class=\"form-label\">Subsidio de Transporte<\/span>\r\n\t\t\t\t\t\t\t\t<\/div>\r\n\t\t\t\t\t\t\t<\/div>\r\n\t\t\t\t\t\t\t<div class=\"col-md-3\">\r\n\t\t\t\t\t\t\t\t<div class=\"form-group\">\r\n\t\t\t\t\t\t\t\t\t<input class=\"form-control\" id=\"F_AFC\" readonly=\"readonly\" style=\"background-color:#CCCCCC;\" type=\"text\" value=\"0\" >\r\n\t\t\t\t\t\t\t\t\t<span class=\"form-label\">Aporte M&aacute;ximo a AFC o FVP<\/span>\r\n\t\t\t\t\t\t\t\t<\/div>\r\n\t\t\t\t\t\t\t<\/div>\r\n\t\t\t\t\t\t\t<div class=\"col-md-3\">\r\n\t\t\t\t\t\t\t\t<div class=\"form-group\">\r\n\t\t\t\t\t\t\t\t\t<input class=\"form-control\" id=\"F17\" onblur=\"c_blur(this)\" onclick=\"c_click(this)\" type=\"text\" value=\"0\" >\r\n\t\t\t\t\t\t\t\t\t<span class=\"form-label\">Aporte AFC o FVP<\/span>\r\n\t\t\t\t\t\t\t\t<\/div>\r\n\t\t\t\t\t\t\t<\/div>\r\n\t\t\t\t\t\t\t<div class=\"col-md-3\">\r\n\t\t\t\t\t\t\t\t<div class=\"form-group\">\r\n\t\t\t\t\t\t\t\t\t<input class=\"form-control\" id=\"F18\" onblur=\"c_blur(this)\" onclick=\"c_click(this)\" type=\"text\" value=\"0\" >\r\n\t\t\t\t\t\t\t\t\t<span class=\"form-label\">Deducci&oacute;n de Intereses<\/span>\r\n\t\t\t\t\t\t\t\t<\/div>\r\n\t\t\t\t\t\t\t<\/div>\r\n\t\t\t\t\t\t\t<div class=\"col-md-3\">\r\n\t\t\t\t\t\t\t\t<div class=\"form-group\">\r\n\t\t\t\t\t\t\t\t\t<input class=\"form-control\" id=\"F19\" onblur=\"c_blur(this)\" onclick=\"c_click(this)\" type=\"text\" value=\"0\" >\r\n\t\t\t\t\t\t\t\t\t<span class=\"form-label\">Deducci&oacute;n de Medicina Prepagada<\/span>\r\n\t\t\t\t\t\t\t\t<\/div>\r\n\t\t\t\t\t\t\t<\/div>\r\n\t\t\t\t\t\t\t<div class=\"col-md-3\">\r\n\t\t\t\t\t\t\t\t<div class=\"form-group\">\r\n\t\t\t\t\t\t\t\t\t<select class=\"form-control\" id=\"K7\">\r\n\t\t\t\t\t\t\t\t\t\t<option>1 ARL 0,522%<\/option>\r\n\t\t\t\t\t\t\t\t\t\t<option>2 ARL 1,044%<\/option>\r\n\t\t\t\t\t\t\t\t\t\t<option>3 ARL 2,436%<\/option>\r\n\t\t\t\t\t\t\t\t\t\t<option>4 ARL 4.350%<\/option>\r\n\t\t\t\t\t\t\t\t\t\t<option>5 ARL 6.960%<\/option>\r\n\t\t\t\t\t\t\t\t\t<\/select>\r\n\t\t\t\t\t\t\t\t\t<span class=\"select-arrow\"><\/span>\r\n\t\t\t\t\t\t\t\t\t<span class=\"form-label\">Riesgo<\/span>\r\n\t\t\t\t\t\t\t\t<\/div>\r\n\t\t\t\t\t\t\t<\/div>\r\n\t\t\t\t\t\t\t<div class=\"col-md-3\">\r\n\t\t\t\t\t\t\t\t<div class=\"form-group\">\r\n\t\t\t\t\t\t\t\t   <select class=\"form-control\" id=\"F20\" title=\"1. Los hijos del contribuyente que tengan hasta 18 a\u00f1os de edad. 2. Los hijos del contribuyente con edad entre 18 y 23 a\u00f1os de edad cuando el padre o la madre financian la educaci\u00f3n de los hijos. 3. Los hijos del contribuyente mayores de 23 a\u00f1os que se encuentren en situaci\u00f3n de dependencia originada en factores f\u00edsicos o psicol\u00f3gicos. 4. El c\u00f3nyuge o compa\u00f1ero permanente del contribuyente que se encuentre en situaci\u00f3n de dependencia sea por ausencia de ingresos o ingresos en el a\u00f1o menores a doscientas sesenta (260) UVT. 5. Los padres y los hermanos del contribuyente que se encuentren en situaci\u00f3n de dependencia, sea por ausencia de ingresos o ingresos en el a\u00f1o menores a doscientas sesenta (260) UVT.\">\r\n\t\t\t\t\t\t\t\t\t   <option>NO<\/option>\r\n\t\t\t\t\t\t\t\t\t   <option>SI<\/option>\r\n\t\t\t\t\t\t\t\t   <\/select>\r\n\t\t\t\t\t\t\t\t\t<span class=\"select-arrow\"><\/span>\r\n\t\t\t\t\t\t\t\t\t<span class=\"form-label\">Deducci&oacute;n Por Personas Dependientes<\/span>\r\n\t\t\t\t\t\t\t\t<\/div>\r\n\t\t\t\t\t\t\t<\/div>\r\n\t\t\t\t\t\t\t<div class=\"col-md-3\">\r\n\t\t\t\t\t\t\t\t<div class=\"form-group\">\r\n\t\t\t\t\t\t\t\t\t<input class=\"form-control\" id=\"F21\" onblur=\"c_blur(this)\" onclick=\"c_click(this)\" title=\"Se puede deducir el promedio de los aportes a EPS realizados por el trabajador del a\u00f1o inmediatamente anterior. Decreto No.2271 de junio de 2009.\" type=\"text\" value=\"0\"  >\r\n\t\t\t\t\t\t\t\t\t<span class=\"form-label\">Promedio Salud A&ntilde;o Anterior<\/span>\r\n\t\t\t\t\t\t\t\t<\/div>\r\n\t\t\t\t\t\t\t<\/div>\r\n\t\t<\/div>\r\n\r\n\t\t\t<div class=\"booking-form\">\r\n\r\n\r\n\t\t\t\t<div class=\"col-md-12 text-center\"><em><a class=\"submit-btn\" href=\"#boton_calcular\" id=\"boton_calcular\">CALCULAR SALARIO<\/a> <\/em><\/div>\r\n\t\t\t\t&nbsp;\r\n\r\n\t\t\t\t<div class=\"col-md-8 col-xs-12 col-md-offset-2 result\" id=\"resultados\">\r\n\t\t\t\t\t<p style=\"text-align: center;\"><em><span style=\"font-size: 12pt;\"><span style=\"color: #0ce99b;\"><a href=\"https:\/\/oficinadeltrabajo.com\/inicio\/calculadorasalarial\/\" target=\"_blank\"><strong><em>Consulta ahora mismo aqu&iacute; con un profesional y toma las mejores decisiones<\/em><\/strong><\/a><\/span><strong><em> <\/em><\/strong><\/span> <\/em><\/p>\r\n\t\t\t\t<\/div>\r\n\t\t\t\t\r\n\t\t\t\t<div class=\"col-md-12\">\r\n\t\t\t\t\t<p style=\"text-align: justify;\"><em><span style=\"font-size: 12pt;\"><span style=\"color: #090600;\"><span>Si has llegado hasta aqu&iacute; es por que probablemente tienes dudas o diferencias con alg&uacute;n pago laboral ya sean liquidaciones definitivas, indemnizaciones, despidos, pagos de recargos y\/o procesos disciplinarios entre otros&hellip; La buen noticia es que estamos aqu&iacute; para ayudarte y asesorarte de la mejor manera. Haz tu consulta en nuestro chat ya mismo y evita dolores de cabeza en tus reclamaciones !!! <\/span><span style=\"color: #2d0ce9;\"><a href=\"https:\/\/oficinadeltrabajo.com\/inicio\/calculadorasalarial\/\" target=\"_blank\"><strong>Consulta Aqu&iacute;<\/strong><\/a><\/span><strong> <\/strong><\/span> <\/span><\/em><\/p>\r\n\t\t\t\t<\/div>\r\n\t\t\t<\/div>\r\n\r\n\t<\/div>\r\n\t<script src=\"\/estrategiasalarial\/wp-content\/themes\/engitech\/js\/util_emp.js\" type=\"text\/javascript\"><\/script>\r\n\t<script type=\"text\/javascript\">\r\n\t\tobtener_objetos(1300000,13,0.04,0.7,0.04,\"0-519999-0|5200000-20799999-0.01|20800000-22099999-0.012|22100000-23399999-0.014|23400000-24699999-0.016|24700000-25999999-0.018|26000000-99999999-0.02\",0.3 ,100,47065,16,32,0.1,240,\"0-95-0-0-0|95-150-95-0.19-0|150-360-150-0.28-10|360-9999-360-0.33-69\",\"4500-18200-47700\" ,25,0.045,2,162000,0.085,0.12,0.04,0.03,0.02,\"1 ARL 0,522%-0.00522|2 ARL 1,044%-0.01044|3 ARL 2,436%-0.02436|4 ARL 4.350%-0.04350|5 ARL 6.960%-0.06960\" ,0.083333333333,0.041777777777,0.083333333333,0.0100);\r\n\t<\/script>\t\t\t\t<\/div>\n\t\t\t\t<\/div>\n\t\t\t\t<section class=\"elementor-section elementor-inner-section elementor-element elementor-element-20b7ba6 elementor-section-full_width elementor-hidden-desktop elementor-hidden-phone ot-traditional elementor-section-height-default elementor-section-height-default\" data-id=\"20b7ba6\" data-element_type=\"section\" data-e-type=\"section\">\n\t\t\t\t\t\t<div class=\"elementor-container elementor-column-gap-extended\">\n\t\t\t\t\t<div class=\"elementor-column elementor-col-50 elementor-inner-column elementor-element elementor-element-efe0abd ot-flex-column-vertical\" data-id=\"efe0abd\" data-element_type=\"column\" data-e-type=\"column\">\n\t\t\t<div class=\"elementor-widget-wrap elementor-element-populated\">\n\t\t\t\t\t\t<div class=\"elementor-element elementor-element-0fb4318 elementor-widget elementor-widget-iiconbox2\" data-id=\"0fb4318\" data-element_type=\"widget\" data-e-type=\"widget\" data-widget_type=\"iiconbox2.default\">\n\t\t\t\t<div class=\"elementor-widget-container\">\n\t\t\t\t\t\t\t<div class=\"icon-box-s2 s1\">\r\n\t\t\t<div class=\"icon-main\">\r\n\t\t        \t\t\t    \t\t        <span class=\"flaticon-monitor\"><\/span>\t\t        \t        <\/div>\r\n\t        <div class=\"content-box\">\r\n\t            <h5>UI\/UX Design<\/h5>\r\n\t            <p>Build the product you need on time with an experienced team that uses a clear and effective design process.<\/p>\r\n\t        <\/div>\r\n\t    <\/div>\r\n\t    \t\t\t\t<\/div>\n\t\t\t\t<\/div>\n\t\t\t\t\t<\/div>\n\t\t<\/div>\n\t\t\t\t<div class=\"elementor-column elementor-col-50 elementor-inner-column elementor-element elementor-element-c42d824 ot-flex-column-vertical\" data-id=\"c42d824\" data-element_type=\"column\" data-e-type=\"column\">\n\t\t\t<div class=\"elementor-widget-wrap elementor-element-populated\">\n\t\t\t\t\t\t<div class=\"elementor-element elementor-element-a77404d elementor-widget elementor-widget-iiconbox2\" data-id=\"a77404d\" data-element_type=\"widget\" data-e-type=\"widget\" data-widget_type=\"iiconbox2.default\">\n\t\t\t\t<div class=\"elementor-widget-container\">\n\t\t\t\t\t\t\t<div class=\"icon-box-s2 s1\">\r\n\t\t\t<div class=\"icon-main\">\r\n\t\t        \t\t\t    \t\t        <span class=\"flaticon-best\"><\/span>\t\t        \t        <\/div>\r\n\t        <div class=\"content-box\">\r\n\t            <h5>Dedicated Team<\/h5>\r\n\t            <p>Build the product you need on time with an experienced team that uses a clear and effective design process.<\/p>\r\n\t        <\/div>\r\n\t    <\/div>\r\n\t    \t\t\t\t<\/div>\n\t\t\t\t<\/div>\n\t\t\t\t\t<\/div>\n\t\t<\/div>\n\t\t\t\t\t<\/div>\n\t\t<\/section>\n\t\t\t\t<section class=\"elementor-section elementor-inner-section elementor-element elementor-element-be42fe7 elementor-section-full_width elementor-hidden-desktop ot-traditional elementor-section-height-default elementor-section-height-default\" data-id=\"be42fe7\" data-element_type=\"section\" data-e-type=\"section\">\n\t\t\t\t\t\t<div class=\"elementor-container elementor-column-gap-extended\">\n\t\t\t\t\t<div class=\"elementor-column elementor-col-50 elementor-inner-column elementor-element elementor-element-56c3665 ot-flex-column-vertical\" data-id=\"56c3665\" data-element_type=\"column\" data-e-type=\"column\">\n\t\t\t<div class=\"elementor-widget-wrap elementor-element-populated\">\n\t\t\t\t\t\t<div class=\"elementor-element elementor-element-8ac96ac elementor-widget elementor-widget-iiconbox2\" data-id=\"8ac96ac\" data-element_type=\"widget\" data-e-type=\"widget\" data-widget_type=\"iiconbox2.default\">\n\t\t\t\t<div class=\"elementor-widget-container\">\n\t\t\t\t\t\t\t<div class=\"icon-box-s2 s2\">\r\n\t\t\t<div class=\"icon-main\">\r\n\t\t        \t\t\t    \t\t        <span class=\"flaticon-monitor\"><\/span>\t\t        \t        <\/div>\r\n\t        <div class=\"content-box\">\r\n\t            <h5>UI\/UX Design<\/h5>\r\n\t            <p>Build the product you need on time with an experienced team that uses a clear and effective design.<\/p>\r\n\t        <\/div>\r\n\t    <\/div>\r\n\t    \t\t\t\t<\/div>\n\t\t\t\t<\/div>\n\t\t\t\t\t<\/div>\n\t\t<\/div>\n\t\t\t\t<div class=\"elementor-column elementor-col-50 elementor-inner-column elementor-element elementor-element-165a179 ot-flex-column-vertical\" data-id=\"165a179\" data-element_type=\"column\" data-e-type=\"column\">\n\t\t\t<div class=\"elementor-widget-wrap elementor-element-populated\">\n\t\t\t\t\t\t<div class=\"elementor-element elementor-element-27a4c57 elementor-widget elementor-widget-iiconbox2\" data-id=\"27a4c57\" data-element_type=\"widget\" data-e-type=\"widget\" data-widget_type=\"iiconbox2.default\">\n\t\t\t\t<div class=\"elementor-widget-container\">\n\t\t\t\t\t\t\t<div class=\"icon-box-s2 s2\">\r\n\t\t\t<div class=\"icon-main\">\r\n\t\t        \t\t\t    \t\t        <span class=\"flaticon-best\"><\/span>\t\t        \t        <\/div>\r\n\t        <div class=\"content-box\">\r\n\t            <h5>Dedicated Team<\/h5>\r\n\t            <p>Over the past decade, our customers succeeded by leveraging Intellectsoft\u2019s process of building, motivating.<\/p>\r\n\t        <\/div>\r\n\t    <\/div>\r\n\t    \t\t\t\t<\/div>\n\t\t\t\t<\/div>\n\t\t\t\t\t<\/div>\n\t\t<\/div>\n\t\t\t\t\t<\/div>\n\t\t<\/section>\n\t\t\t\t\t<\/div>\n\t\t<\/div>\n\t\t\t\t\t<\/div>\n\t\t<\/section>\n\t\t\t\t<section class=\"elementor-section elementor-top-section elementor-element elementor-element-9fd782a ot-traditional elementor-section-boxed elementor-section-height-default elementor-section-height-default\" data-id=\"9fd782a\" data-element_type=\"section\" data-e-type=\"section\" data-settings=\"{&quot;background_background&quot;:&quot;classic&quot;}\">\n\t\t\t\t\t\t<div class=\"elementor-container elementor-column-gap-default\">\n\t\t\t\t\t<div class=\"elementor-column elementor-col-100 elementor-top-column elementor-element elementor-element-7407763 ot-flex-column-vertical\" data-id=\"7407763\" data-element_type=\"column\" data-e-type=\"column\">\n\t\t\t<div class=\"elementor-widget-wrap elementor-element-populated\">\n\t\t\t\t\t\t<div class=\"elementor-element elementor-element-a9642e8 elementor-widget elementor-widget-heading\" data-id=\"a9642e8\" data-element_type=\"widget\" data-e-type=\"widget\" data-widget_type=\"heading.default\">\n\t\t\t\t<div class=\"elementor-widget-container\">\n\t\t\t\t\t<p class=\"elementor-heading-title elementor-size-default\">Podemos brindarte una asesor\u00eda personalizada<\/p>\t\t\t\t<\/div>\n\t\t\t\t<\/div>\n\t\t\t\t<div class=\"elementor-element elementor-element-7e7fa14 elementor-widget elementor-widget-heading\" data-id=\"7e7fa14\" data-element_type=\"widget\" data-e-type=\"widget\" data-widget_type=\"heading.default\">\n\t\t\t\t<div class=\"elementor-widget-container\">\n\t\t\t\t\t<h2 class=\"elementor-heading-title elementor-size-default\">NECESITAS UNA CONSULTA?<\/h2>\t\t\t\t<\/div>\n\t\t\t\t<\/div>\n\t\t\t\t<div class=\"elementor-element elementor-element-8cf57cb elementor-align-center elementor-widget elementor-widget-ibutton\" data-id=\"8cf57cb\" data-element_type=\"widget\" data-e-type=\"widget\" data-widget_type=\"ibutton.default\">\n\t\t\t\t<div class=\"elementor-widget-container\">\n\t\t\t\t\t\t\t<div class=\"ot-button\">\r\n\t\t\t<a href=\"http:\/\/190.146.68.31\/estrategiasalarial\/?page_id=1370\" class=\"octf-btn octf-btn-primary\">Cont\u00e1ctenos<\/a>\r\n\t    <\/div>\r\n\t    \t\t\t\t<\/div>\n\t\t\t\t<\/div>\n\t\t\t\t\t<\/div>\n\t\t<\/div>\n\t\t\t\t\t<\/div>\n\t\t<\/section>\n\t\t\t\t<\/div>\n\t\t","protected":false},"excerpt":{"rendered":"<p>CALCULADORA SALARIAL COLOMBIA A&Ntilde;O 2024 PARA EMPRESAS La calculadora salarial Colombia a\u00f1o 2024 te ayudar\u00e1 a estimar los costos laborales pactados entre empleadores y trabajadores, adem\u00e1s de calcular prima, calcular cesant\u00edas, intereses de cesant\u00edas entre otros y te permitir\u00e1 tomar desiciones de manera oportuna. Salario M\u00ednimo Sub. Transporte Salario Integral UVT Actual Tope Seg. Social [&hellip;]<\/p>\n","protected":false},"author":1,"featured_media":0,"parent":0,"menu_order":0,"comment_status":"closed","ping_status":"closed","template":"","meta":{"footnotes":""},"class_list":["post-5484","page","type-page","status-publish","hentry"],"_links":{"self":[{"href":"http:\/\/190.146.68.31\/estrategiasalarial\/wp-json\/wp\/v2\/pages\/5484","targetHints":{"allow":["GET"]}}],"collection":[{"href":"http:\/\/190.146.68.31\/estrategiasalarial\/wp-json\/wp\/v2\/pages"}],"about":[{"href":"http:\/\/190.146.68.31\/estrategiasalarial\/wp-json\/wp\/v2\/types\/page"}],"author":[{"embeddable":true,"href":"http:\/\/190.146.68.31\/estrategiasalarial\/wp-json\/wp\/v2\/users\/1"}],"replies":[{"embeddable":true,"href":"http:\/\/190.146.68.31\/estrategiasalarial\/wp-json\/wp\/v2\/comments?post=5484"}],"version-history":[{"count":25,"href":"http:\/\/190.146.68.31\/estrategiasalarial\/wp-json\/wp\/v2\/pages\/5484\/revisions"}],"predecessor-version":[{"id":5745,"href":"http:\/\/190.146.68.31\/estrategiasalarial\/wp-json\/wp\/v2\/pages\/5484\/revisions\/5745"}],"wp:attachment":[{"href":"http:\/\/190.146.68.31\/estrategiasalarial\/wp-json\/wp\/v2\/media?parent=5484"}],"curies":[{"name":"wp","href":"https:\/\/api.w.org\/{rel}","templated":true}]}}