{"id":1487,"date":"2020-07-11T03:58:39","date_gmt":"2020-07-11T03:58:39","guid":{"rendered":"https:\/\/dev.artemsemkin.com\/rhye\/wp\/?page_id=1487"},"modified":"2026-05-08T17:38:31","modified_gmt":"2026-05-08T22:38:31","slug":"contacto","status":"publish","type":"page","link":"http:\/\/190.146.68.31\/plataproducciones\/contacto\/","title":{"rendered":"Contacto"},"content":{"rendered":"\t\t<div data-elementor-type=\"wp-page\" data-elementor-id=\"1487\" class=\"elementor elementor-1487\" data-elementor-settings=\"{&quot;page_masthead_image_height&quot;:{&quot;unit&quot;:&quot;px&quot;,&quot;size&quot;:900,&quot;sizes&quot;:[]},&quot;page_masthead_image_height_tablet&quot;:{&quot;unit&quot;:&quot;vh&quot;,&quot;size&quot;:70,&quot;sizes&quot;:[]},&quot;page_masthead_image_height_mobile&quot;:{&quot;unit&quot;:&quot;vh&quot;,&quot;size&quot;:50,&quot;sizes&quot;:[]},&quot;page_masthead_background_position_x&quot;:{&quot;unit&quot;:&quot;%&quot;,&quot;size&quot;:50,&quot;sizes&quot;:[]},&quot;page_masthead_background_position_x_tablet&quot;:{&quot;unit&quot;:&quot;%&quot;,&quot;size&quot;:50,&quot;sizes&quot;:[]},&quot;page_masthead_background_position_x_mobile&quot;:{&quot;unit&quot;:&quot;%&quot;,&quot;size&quot;:50,&quot;sizes&quot;:[]},&quot;page_masthead_background_position_y&quot;:{&quot;unit&quot;:&quot;%&quot;,&quot;size&quot;:50,&quot;sizes&quot;:[]},&quot;page_masthead_background_position_y_tablet&quot;:{&quot;unit&quot;:&quot;%&quot;,&quot;size&quot;:50,&quot;sizes&quot;:[]},&quot;page_masthead_background_position_y_mobile&quot;:{&quot;unit&quot;:&quot;%&quot;,&quot;size&quot;:50,&quot;sizes&quot;:[]},&quot;rhye_hide_title_disabled&quot;:&quot;yes&quot;}\">\n\t\t\t\t<section class=\"elementor-element elementor-element-999fe61 e-con-full bg-white e-flex e-con e-parent\" data-id=\"999fe61\" data-element_type=\"container\" data-e-type=\"container\" data-settings=\"{&quot;theme_section_color&quot;:&quot;bg-white&quot;}\">\n\t\t<div class=\"elementor-element elementor-element-ad03df5 e-con-full bg-white e-flex e-con e-child\" data-id=\"ad03df5\" data-element_type=\"container\" data-e-type=\"container\" data-settings=\"{&quot;theme_section_color&quot;:&quot;bg-white&quot;}\">\n\t\t\t\t<div class=\"elementor-element elementor-element-10582c0 elementor-widget elementor-widget-image\" data-id=\"10582c0\" data-element_type=\"widget\" data-e-type=\"widget\" data-widget_type=\"image.default\">\n\t\t\t\t\t\t\t\t\t\t\t\t\t\t\t<img fetchpriority=\"high\" decoding=\"async\" width=\"474\" height=\"590\" src=\"http:\/\/190.146.68.31\/plataproducciones\/wp-content\/uploads\/2026\/05\/models2.jpg\" class=\"attachment-large size-large wp-image-2610\" alt=\"\" srcset=\"http:\/\/190.146.68.31\/plataproducciones\/wp-content\/uploads\/2026\/05\/models2.jpg 474w, http:\/\/190.146.68.31\/plataproducciones\/wp-content\/uploads\/2026\/05\/models2-241x300.jpg 241w\" sizes=\"(max-width: 474px) 100vw, 474px\" \/>\t\t\t\t\t\t\t\t\t\t\t\t\t\t\t<\/div>\n\t\t\t\t<\/div>\n\t\t\t\t<\/section>\n\t\t<section class=\"elementor-element elementor-element-c9b37d8 e-con-full bg-white e-flex e-con e-parent\" data-id=\"c9b37d8\" data-element_type=\"container\" data-e-type=\"container\" data-settings=\"{&quot;theme_section_color&quot;:&quot;bg-white&quot;}\">\n\t\t<div class=\"elementor-element elementor-element-2c97d19 container-fluid pb-small e-con-full text-lg-right bg-white e-flex e-con e-child\" data-id=\"2c97d19\" data-element_type=\"container\" data-e-type=\"container\" data-settings=\"{&quot;theme_section_color&quot;:&quot;bg-white&quot;}\">\n\t\t\t\t<div class=\"elementor-element elementor-element-8c7c6a6 elementor-widget__width-inherit elementor-widget-tablet__width-inherit elementor-widget elementor-widget-rhye-widget-project-properties\" data-id=\"8c7c6a6\" data-element_type=\"widget\" data-e-type=\"widget\" data-settings=\"{&quot;columns&quot;:&quot;12&quot;,&quot;columns_tablet&quot;:&quot;12&quot;,&quot;columns_mobile&quot;:12}\" data-widget_type=\"rhye-widget-project-properties.default\">\n\t\t\t\t\t\n\t\t\t\t\t<div class=\"section section-properties section-content\" data-arts-os-animation=\"true\">\n\t\t\t\t<div class=\"row\">\n\t\t\t\t\t\t\t\t\t\t\t\t\t\t\t\t\t<div class=\"section-properties__item col-lg-12 col-sm-12 col-12\">\n\t\t\t\t\t\t\t<div class=\"figure-info\">\n\t\t\t\t\t\t\t\t<div class=\"figure-info__option h5 split-text js-split-text\" data-split-text-type=\"lines,words\" data-split-text-set=\"words\">\n\t\t\t\t\t\t\t\t\t<div >Cobertura<\/div>\n\t\t\t\t\t\t\t\t<\/div>\n\t\t\t\t\t\t\t\t<div class=\"figure-info__value paragraph split-text js-split-text\" data-split-text-type=\"lines,words\" data-split-text-set=\"words\">\n\t\t\t\t\t\t\t\t\t<div >Bogot\u00e1 <br> Medell\u00edn <br> Cali <br> Cartagena<\/div>\n\t\t\t\t\t\t\t\t<\/div>\n\t\t\t\t\t\t\t<\/div>\n\t\t\t\t\t\t<\/div>\n\t\t\t\t\t\t\t\t\t\t\t\t\t\t\t\t\t<div class=\"section-properties__item col-lg-12 col-sm-12 col-12\">\n\t\t\t\t\t\t\t<div class=\"figure-info\">\n\t\t\t\t\t\t\t\t<div class=\"figure-info__option h5 split-text js-split-text\" data-split-text-type=\"lines,words\" data-split-text-set=\"words\">\n\t\t\t\t\t\t\t\t\t<div >Ll\u00e1manos<\/div>\n\t\t\t\t\t\t\t\t<\/div>\n\t\t\t\t\t\t\t\t<div class=\"figure-info__value paragraph split-text js-split-text\" data-split-text-type=\"lines,words\" data-split-text-set=\"words\">\n\t\t\t\t\t\t\t\t\t<div ><a href=\"#\">plataproducciones@example.com<\/a><br>+1 859-795-9217<br>+1 716-913-6279<\/div>\n\t\t\t\t\t\t\t\t<\/div>\n\t\t\t\t\t\t\t<\/div>\n\t\t\t\t\t\t<\/div>\n\t\t\t\t\t\t\t\t\t\t\t\t\t\t\t\t<div class=\"section-properties__item col-lg-12 col-sm-12 col-12\">\n\t\t\t\t\t\t\t<div class=\"figure-info\">\n\t\t\t\t\t\t\t\t\t\t\t\t\t\t\t\t\t\t\t\t\t\t\t\t\t\t<div class=\"figure-info__option h5 split-text js-split-text\" data-split-text-type=\"lines,words\" data-split-text-set=\"words\">\n\t\t\t\t\t\t\t\t\t\t<div >S\u00edguenos<\/div>\n\t\t\t\t\t\t\t\t\t<\/div>\n\t\t\t\t\t\t\t\t\t\t\t\t\t\t\t\t\t\t\t\t\t\t\t\t\t<div class=\"figure-info__value paragraph split-text js-split-text\" data-split-text-type=\"lines,words\" data-split-text-set=\"words\">\n\t\t\t\t\t\t\t\t\t\t<ul class=\"social\">\n\t\t\t\t\t\t\t\t\t\t\t\t\t\t\t\t\t\t\t\t\t\t\t<li class=\"social__item\">\n\t\t\t\t\t\t\t\t\t\t\t\t\t\t\t\t\t\t\t\t\t\t\t\t\t\t<a class=\"fa fa-facebook\" href=\"#\" target=\"_blank\" rel=\"nofollow\"><\/a>\n\t\t\t\t\t\t\t\t\t\t\t\t<\/li>\n\t\t\t\t\t\t\t\t\t\t\t\t\t\t\t\t\t\t\t\t\t\t\t<li class=\"social__item\">\n\t\t\t\t\t\t\t\t\t\t\t\t\t\t\t\t\t\t\t\t\t\t\t\t\t\t<a class=\"fa fa-twitter\" href=\"#\" target=\"_blank\" rel=\"nofollow\"><\/a>\n\t\t\t\t\t\t\t\t\t\t\t\t<\/li>\n\t\t\t\t\t\t\t\t\t\t\t\t\t\t\t\t\t\t\t\t\t\t\t<li class=\"social__item\">\n\t\t\t\t\t\t\t\t\t\t\t\t\t\t\t\t\t\t\t\t\t\t\t\t\t\t<a class=\"fa fa-instagram\" href=\"#\" target=\"_blank\" rel=\"nofollow\"><\/a>\n\t\t\t\t\t\t\t\t\t\t\t\t<\/li>\n\t\t\t\t\t\t\t\t\t\t\t\t\t\t\t\t\t\t\t\t\t\t\t<li class=\"social__item\">\n\t\t\t\t\t\t\t\t\t\t\t\t\t\t\t\t\t\t\t\t\t\t\t\t\t\t<a class=\"fa fa-behance\" href=\"#\" target=\"_blank\" rel=\"nofollow\"><\/a>\n\t\t\t\t\t\t\t\t\t\t\t\t<\/li>\n\t\t\t\t\t\t\t\t\t\t\t\t\t\t\t\t\t\t\t\t\t<\/ul>\n\t\t\t\t\t\t\t\t\t<\/div>\n\t\t\t\t\t\t\t\t\t\t\t\t\t\t\t<\/div>\n\t\t\t\t\t\t<\/div>\n\t\t\t\t\t\t\t\t\t<\/div>\n\t\t\t<\/div>\n\t\t\n\t\t\t\t\t\t<\/div>\n\t\t\t\t<\/div>\n\t\t<div class=\"elementor-element elementor-element-55cb6c3 container-fluid bg-white pt-large pb-medium e-con-full e-flex e-con e-child\" data-id=\"55cb6c3\" data-element_type=\"container\" data-e-type=\"container\" data-settings=\"{&quot;theme_section_color&quot;:&quot;bg-white&quot;,&quot;animation&quot;:&quot;none&quot;}\">\n\t\t\t\t<div class=\"elementor-element elementor-element-5211233 elementor-widget__width-inherit elementor-widget elementor-widget-shortcode\" data-id=\"5211233\" data-element_type=\"widget\" data-e-type=\"widget\" data-widget_type=\"shortcode.default\">\n\t\t\t\t\t\t\t<div class=\"elementor-shortcode\">\n<div class=\"wpcf7 no-js\" id=\"wpcf7-f1624-o1\" lang=\"en-US\" dir=\"ltr\" data-wpcf7-id=\"1624\">\n<div class=\"screen-reader-response\"><p role=\"status\" aria-live=\"polite\" aria-atomic=\"true\"><\/p> <ul><\/ul><\/div>\n<form action=\"\/plataproducciones\/wp-json\/wp\/v2\/pages\/1487#wpcf7-f1624-o1\" method=\"post\" class=\"wpcf7-form init\" aria-label=\"Contact form\" novalidate=\"novalidate\" data-status=\"init\">\n<fieldset class=\"hidden-fields-container\"><input type=\"hidden\" name=\"_wpcf7\" value=\"1624\" \/><input type=\"hidden\" name=\"_wpcf7_version\" value=\"6.1.5\" \/><input type=\"hidden\" name=\"_wpcf7_locale\" value=\"en_US\" \/><input type=\"hidden\" name=\"_wpcf7_unit_tag\" value=\"wpcf7-f1624-o1\" \/><input type=\"hidden\" name=\"_wpcf7_container_post\" value=\"0\" \/><input type=\"hidden\" name=\"_wpcf7_posted_data_hash\" value=\"\" \/>\n<\/fieldset>\n<!-- header -->\n<div class=\"row form__row\">\n  <div class=\"col form__col\">\n    <h3 class=\"h4 mt-0 mb-0\">Escr\u00edbenos<\/h3>\n  <\/div>\n<\/div>\n<!-- - header -->\n<!-- input name -->\n<div class=\"row form__row\">\n  <div class=\"col form__col\">\n    <label class=\"input-float js-input-float\">\n      <span class=\"wpcf7-form-control-wrap\" data-name=\"your-name\"><input size=\"40\" maxlength=\"400\" class=\"wpcf7-form-control wpcf7-text wpcf7-validates-as-required input-float__input\" aria-required=\"true\" aria-invalid=\"false\" value=\"\" type=\"text\" name=\"your-name\" \/><\/span>\n      <span class=\"input-float__label\">Nombre<\/span>\n    <\/label>\n  <\/div>\n<\/div>\n<!-- - input name -->\n<!-- input e-mail -->\n<div class=\"row form__row\">\n  <div class=\"col form__col\">\n    <label class=\"input-float js-input-float\">\n      <span class=\"wpcf7-form-control-wrap\" data-name=\"your-email\"><input size=\"40\" maxlength=\"400\" class=\"wpcf7-form-control wpcf7-email wpcf7-validates-as-required wpcf7-text wpcf7-validates-as-email input-float__input\" aria-required=\"true\" aria-invalid=\"false\" value=\"\" type=\"email\" name=\"your-email\" \/><\/span>\n      <span class=\"input-float__label\">E-mail<\/span>\n    <\/label>\n  <\/div>\n<\/div>\n<!-- - input e-mail -->\n<!-- input #3 -->\n<div class=\"row form__row\">\n  <div class=\"col form__col\">\n    <label class=\"input-float js-input-float\">\n      <span class=\"wpcf7-form-control-wrap\" data-name=\"your-message\"><textarea cols=\"40\" rows=\"3\" maxlength=\"2000\" class=\"wpcf7-form-control wpcf7-textarea input-float__input input-float__input_textarea\" aria-invalid=\"false\" name=\"your-message\"><\/textarea><\/span>\n      <span class=\"input-float__label\">Mensaje<\/span>\n    <\/label>\n  <\/div>\n<\/div>\n<!-- - input e-mail -->\n<!-- submit -->\n<div class=\"row form__row\">\n  <div class=\"col form__col form__col_submit\">\n    <button class=\"button button_solid bg-dark-1 button_fullwidth\" data-hover=\"Send Message\" type=\"submit\"><span class=\"button__label-hover\">Enviar<\/span><\/button>\n  <\/div>\n<\/div>\n<!-- - submit --><div class=\"wpcf7-response-output\" aria-hidden=\"true\"><\/div>\n<\/form>\n<\/div>\n<\/div>\n\t\t\t\t\t\t<\/div>\n\t\t\t\t<\/div>\n\t\t\t\t<\/section>\n\t\t\t\t<\/div>\n\t\t","protected":false},"excerpt":{"rendered":"<p>Cobertura Bogot\u00e1 Medell\u00edn Cali Cartagena Ll\u00e1manos plataproducciones@example.com+1 859-795-9217+1 716-913-6279 S\u00edguenos<\/p>\n","protected":false},"author":1,"featured_media":0,"parent":0,"menu_order":0,"comment_status":"closed","ping_status":"closed","template":"elementor_header_footer","meta":{"_acf_changed":false,"footnotes":""},"class_list":["post-1487","page","type-page","status-publish","hentry"],"acf":[],"_links":{"self":[{"href":"http:\/\/190.146.68.31\/plataproducciones\/wp-json\/wp\/v2\/pages\/1487","targetHints":{"allow":["GET"]}}],"collection":[{"href":"http:\/\/190.146.68.31\/plataproducciones\/wp-json\/wp\/v2\/pages"}],"about":[{"href":"http:\/\/190.146.68.31\/plataproducciones\/wp-json\/wp\/v2\/types\/page"}],"author":[{"embeddable":true,"href":"http:\/\/190.146.68.31\/plataproducciones\/wp-json\/wp\/v2\/users\/1"}],"replies":[{"embeddable":true,"href":"http:\/\/190.146.68.31\/plataproducciones\/wp-json\/wp\/v2\/comments?post=1487"}],"version-history":[{"count":53,"href":"http:\/\/190.146.68.31\/plataproducciones\/wp-json\/wp\/v2\/pages\/1487\/revisions"}],"predecessor-version":[{"id":3038,"href":"http:\/\/190.146.68.31\/plataproducciones\/wp-json\/wp\/v2\/pages\/1487\/revisions\/3038"}],"wp:attachment":[{"href":"http:\/\/190.146.68.31\/plataproducciones\/wp-json\/wp\/v2\/media?parent=1487"}],"curies":[{"name":"wp","href":"https:\/\/api.w.org\/{rel}","templated":true}]}}