{"id":2639,"date":"2026-05-04T10:11:14","date_gmt":"2026-05-04T15:11:14","guid":{"rendered":"http:\/\/190.146.68.31\/plataproducciones\/?page_id=2639"},"modified":"2026-05-08T17:25:42","modified_gmt":"2026-05-08T22:25:42","slug":"servicios","status":"publish","type":"page","link":"http:\/\/190.146.68.31\/plataproducciones\/servicios\/","title":{"rendered":"Servicios"},"content":{"rendered":"\t\t<div data-elementor-type=\"wp-page\" data-elementor-id=\"2639\" class=\"elementor elementor-2639\" data-elementor-settings=\"{&quot;page_masthead_image_height&quot;:{&quot;unit&quot;:&quot;px&quot;,&quot;size&quot;:900,&quot;sizes&quot;:[]},&quot;page_masthead_image_height_tablet&quot;:{&quot;unit&quot;:&quot;vh&quot;,&quot;size&quot;:70,&quot;sizes&quot;:[]},&quot;page_masthead_image_height_mobile&quot;:{&quot;unit&quot;:&quot;vh&quot;,&quot;size&quot;:50,&quot;sizes&quot;:[]},&quot;page_masthead_background_position_x&quot;:{&quot;unit&quot;:&quot;%&quot;,&quot;size&quot;:50,&quot;sizes&quot;:[]},&quot;page_masthead_background_position_x_tablet&quot;:{&quot;unit&quot;:&quot;%&quot;,&quot;size&quot;:50,&quot;sizes&quot;:[]},&quot;page_masthead_background_position_x_mobile&quot;:{&quot;unit&quot;:&quot;%&quot;,&quot;size&quot;:50,&quot;sizes&quot;:[]},&quot;page_masthead_background_position_y&quot;:{&quot;unit&quot;:&quot;%&quot;,&quot;size&quot;:50,&quot;sizes&quot;:[]},&quot;page_masthead_background_position_y_tablet&quot;:{&quot;unit&quot;:&quot;%&quot;,&quot;size&quot;:50,&quot;sizes&quot;:[]},&quot;page_masthead_background_position_y_mobile&quot;:{&quot;unit&quot;:&quot;%&quot;,&quot;size&quot;:50,&quot;sizes&quot;:[]},&quot;rhye_hide_title_disabled&quot;:&quot;yes&quot;}\">\n\t\t\t\t<section class=\"elementor-element elementor-element-695d141 e-con-full pb-medium bg-white container-fluid e-flex e-con e-parent\" data-id=\"695d141\" data-element_type=\"container\" data-e-type=\"container\" data-settings=\"{&quot;theme_section_color&quot;:&quot;bg-white&quot;}\">\n\t\t<section class=\"elementor-element elementor-element-3c05b51 e-con-full bg-white e-flex e-con e-child\" data-id=\"3c05b51\" data-element_type=\"container\" data-e-type=\"container\" data-settings=\"{&quot;theme_section_color&quot;:&quot;bg-white&quot;}\">\n\t\t\t\t<div class=\"elementor-element elementor-element-d047157 elementor-widget__width-inherit elementor-widget elementor-widget-rhye-widget-services-content-block\" data-id=\"d047157\" data-element_type=\"widget\" data-e-type=\"widget\" data-widget_type=\"rhye-widget-services-content-block.default\">\n\t\t\t\t\t\n\t\t\t\t\t\t\t\t\t\t\t\t\t<section class=\"section section-services section-content my-small\" data-arts-os-animation=\"true\">\n\t\t\t\t\t<div class=\"container section-services__container\">\n\t\t\t\t\t\t<div class=\"row no-gutters align-items-center\">\n\t\t\t\t\t\t\t<div class=\"col-lg-5 order-lg-2\">\n\t\t\t\t\t\t\t\t\t\t\t\t\t<div class=\"section section-image\" data-arts-parallax=true data-arts-parallax-factor=0.1 data-arts-os-animation=true>\n\t\t\t\t\t\t\t\t\t\t\t\t\t\t<div class=\"section-image__wrapper overflow mask-reveal lazy\"  style=\"padding-bottom: calc( (768 \/ 768) * 100% ); height: 0;\">\n\t\t\t\t\t\t\t\t\t\t\t\t\t<div class=\"mask-reveal__layer mask-reveal__layer-1\">\n\t\t\t\t\t\t<div class=\"mask-reveal__layer mask-reveal__layer-2\">\n\t\t\t\t\t\t\t\t\t\t\t\t\t\t\t\t\t\t<img fetchpriority=\"high\" decoding=\"async\" class=\"\" src=\"data:image\/png;base64,iVBORw0KGgoAAAANSUhEUgAAAAEAAAABCAQAAAHCGzyUAAAABGdBTUEAALGPC\/xhBQAAADhlWElmTU0AKgAAAAgAAYdpAAQAAAABAAAAGgAAAAAAAqACAAQAAAABAAAAAaADAAQAAAABAAAAAQAAAADa6r\/EAAAAC0lEQVQI12NolQQAASYAn89qhTcAAAAASUVORK5CYII=\" data-id=\"1448\" data-src=\"http:\/\/190.146.68.31\/plataproducciones\/wp-content\/uploads\/2020\/07\/service-5-1-768x768.jpg\" width=\"768\" height=\"768\"  data-srcset=\"http:\/\/190.146.68.31\/plataproducciones\/wp-content\/uploads\/2020\/07\/service-5-1-768x768.jpg 768w, http:\/\/190.146.68.31\/plataproducciones\/wp-content\/uploads\/2020\/07\/service-5-1-300x300.jpg 300w, http:\/\/190.146.68.31\/plataproducciones\/wp-content\/uploads\/2020\/07\/service-5-1-1024x1024.jpg 1024w, http:\/\/190.146.68.31\/plataproducciones\/wp-content\/uploads\/2020\/07\/service-5-1-150x150.jpg 150w, http:\/\/190.146.68.31\/plataproducciones\/wp-content\/uploads\/2020\/07\/service-5-1-1536x1536.jpg 1536w, http:\/\/190.146.68.31\/plataproducciones\/wp-content\/uploads\/2020\/07\/service-5-1.jpg 1920w\"   data-sizes=\"(max-width: 768px) 100vw, 768px\"  alt=\"\"\/>\n\t\t\t\t\t\t\t\t\t\t\t\t\t\t\t\t\t\t\t\t\t\t\t\t\t\t\t\t\t\t\t\t\t\t<\/div>\n\t\t\t\t\t<\/div>\n\t\t\t\t\t\t\t\t<\/div>\n\t\t\t\t\t\t\t\t\t\t\t\t\t\t<\/div>\n\t\t\t\t\t\t\t\t\t\t\t<\/div>\n\t\t\t\t\t\t\t<div class=\"col-lg-7 order-lg-1\">\n\t\t\t\t\t\t\t\t<div class=\"section-services__wrapper-content\">\n\t\t\t\t\t\t\t\t\t<div class=\"clearfix container-fluid pt-md-0 pb-md-0 pt-small\">\n\t\t\t\t\t\t\t\t\t\t<div class=\"section-content__inner\">\n\t\t\t\t\t\t\t\t\t\t\t\t\t\t\t\t\t\t\t\t\t\t\t\t\t\t\t\t\t\t\t\t\t\t<div class=\"w-100\"><\/div>\n\t\t\t\t\t\t\t\t\t\t\t\t<h3 class=\"section-content__heading h2 split-text js-split-text\" data-split-text-type=\"lines,words\" data-split-text-set=\"words\">Fotograf\u00eda Comercial<\/h3>\n\t\t\t\t\t\t\t\t\t\t\t\t\t\t\t\t\t\t\t\t\t\t\t\t\t\t\t\t\t\t\t\t\t\t<div class=\"w-100\"><\/div>\n\t\t\t\t\t\t\t\t\t\t\t\t<p class=\"section-content__text mt-1 paragraph split-text js-split-text\" data-split-text-type=\"lines\" data-split-text-set=\"lines\">Brindamos modelos para campa\u00f1as publicitarias, cat\u00e1logos, editoriales, ecommerce y fotograf\u00eda de marca.<\/p>\n\t\t\t\t\t\t\t\t\t\t\t\t\t\t\t\t\t\t\t\t\t\t\t\t\t\t\t\t\t\t\t\t<\/div>\n\t\t\t\t\t\t\t\t\t<\/div>\n\t\t\t\t\t\t\t\t<\/div>\n\t\t\t\t\t\t\t<\/div>\n\t\t\t\t\t\t<\/div>\n\t\t\t\t\t\t\t\t\t\t\t\t\t\t\t\t\t\t\t\t<div class=\"section-services__wrapper-letter pointer-events-none section-services__wrapper-letter_left pointer-events-none\">\n\t\t\t\t\t\t\t\t<div class=\"section-services__letter\" data-arts-parallax=\"element\" data-arts-parallax-y=\"-30%\">F<\/div>\n\t\t\t\t\t\t\t<\/div>\n\t\t\t\t\t\t\t\t\t\t\t<\/div>\n\t\t\t\t<\/section>\n\t\t\t\t\t\t\t\t\t\t\t<section class=\"section section-services section-content my-small\" data-arts-os-animation=\"true\">\n\t\t\t\t\t<div class=\"container-fluid section-services__container no-gutters\">\n\t\t\t\t\t\t<div class=\"row no-gutters align-items-center\">\n\t\t\t\t\t\t\t<div class=\"col-lg-5 order-lg-1\">\n\t\t\t\t\t\t\t\t\t\t\t\t\t<div class=\"section section-image\" data-arts-parallax=true data-arts-parallax-factor=0.1 data-arts-os-animation=true>\n\t\t\t\t\t\t\t\t\t\t\t\t\t\t<div class=\"section-image__wrapper overflow mask-reveal lazy\"  style=\"padding-bottom: calc( (768 \/ 768) * 100% ); height: 0;\">\n\t\t\t\t\t\t\t\t\t\t\t\t\t<div class=\"mask-reveal__layer mask-reveal__layer-1\">\n\t\t\t\t\t\t<div class=\"mask-reveal__layer mask-reveal__layer-2\">\n\t\t\t\t\t\t\t\t\t\t\t\t\t\t\t\t\t\t<img decoding=\"async\" class=\"\" src=\"data:image\/png;base64,iVBORw0KGgoAAAANSUhEUgAAAAEAAAABCAQAAAHCGzyUAAAABGdBTUEAALGPC\/xhBQAAADhlWElmTU0AKgAAAAgAAYdpAAQAAAABAAAAGgAAAAAAAqACAAQAAAABAAAAAaADAAQAAAABAAAAAQAAAADa6r\/EAAAAC0lEQVQI12NolQQAASYAn89qhTcAAAAASUVORK5CYII=\" data-id=\"1446\" data-src=\"http:\/\/190.146.68.31\/plataproducciones\/wp-content\/uploads\/2020\/07\/service-4_thumb-1-768x768.jpg\" width=\"768\" height=\"768\"  data-srcset=\"http:\/\/190.146.68.31\/plataproducciones\/wp-content\/uploads\/2020\/07\/service-4_thumb-1-768x768.jpg 768w, http:\/\/190.146.68.31\/plataproducciones\/wp-content\/uploads\/2020\/07\/service-4_thumb-1-300x300.jpg 300w, http:\/\/190.146.68.31\/plataproducciones\/wp-content\/uploads\/2020\/07\/service-4_thumb-1-1024x1024.jpg 1024w, http:\/\/190.146.68.31\/plataproducciones\/wp-content\/uploads\/2020\/07\/service-4_thumb-1-150x150.jpg 150w, http:\/\/190.146.68.31\/plataproducciones\/wp-content\/uploads\/2020\/07\/service-4_thumb-1.jpg 1400w\"   data-sizes=\"(max-width: 768px) 100vw, 768px\"  alt=\"\"\/>\n\t\t\t\t\t\t\t\t\t\t\t\t\t\t\t\t\t\t\t\t\t\t\t\t\t\t\t\t\t\t\t\t\t\t<\/div>\n\t\t\t\t\t<\/div>\n\t\t\t\t\t\t\t\t<\/div>\n\t\t\t\t\t\t\t\t\t\t\t\t\t\t<\/div>\n\t\t\t\t\t\t\t\t\t\t\t<\/div>\n\t\t\t\t\t\t\t<div class=\"col-lg-7 order-lg-2\">\n\t\t\t\t\t\t\t\t<div class=\"section-services__wrapper-content\">\n\t\t\t\t\t\t\t\t\t<div class=\"clearfix container-fluid pt-md-0 pb-md-0 pt-small\">\n\t\t\t\t\t\t\t\t\t\t<div class=\"section-content__inner\">\n\t\t\t\t\t\t\t\t\t\t\t\t\t\t\t\t\t\t\t\t\t\t\t\t\t\t\t\t\t\t\t\t\t\t<div class=\"w-100\"><\/div>\n\t\t\t\t\t\t\t\t\t\t\t\t<h3 class=\"section-content__heading h2 split-text js-split-text\" data-split-text-type=\"lines,words\" data-split-text-set=\"words\">Contenido Digital y Videos<\/h3>\n\t\t\t\t\t\t\t\t\t\t\t\t\t\t\t\t\t\t\t\t\t\t\t\t\t\t\t\t\t\t\t\t\t\t<div class=\"w-100\"><\/div>\n\t\t\t\t\t\t\t\t\t\t\t\t<p class=\"section-content__text mt-1 paragraph split-text js-split-text\" data-split-text-type=\"lines\" data-split-text-set=\"lines\">Talento para reels, comerciales, videos promocionales, contenido para redes sociales y producciones audiovisuales.<\/p>\n\t\t\t\t\t\t\t\t\t\t\t\t\t\t\t\t\t\t\t\t\t\t\t\t\t\t\t\t\t\t\t\t<\/div>\n\t\t\t\t\t\t\t\t\t<\/div>\n\t\t\t\t\t\t\t\t<\/div>\n\t\t\t\t\t\t\t<\/div>\n\t\t\t\t\t\t<\/div>\n\t\t\t\t\t\t\t\t\t\t\t\t\t\t\t\t\t\t\t\t<div class=\"section-services__wrapper-letter pointer-events-none section-services__wrapper-letter_right pointer-events-none\">\n\t\t\t\t\t\t\t\t<div class=\"section-services__letter\" data-arts-parallax=\"element\" data-arts-parallax-y=\"-30%\">C<\/div>\n\t\t\t\t\t\t\t<\/div>\n\t\t\t\t\t\t\t\t\t\t\t<\/div>\n\t\t\t\t<\/section>\n\t\t\t\t\t\t\t\t\t\t\t<section class=\"section section-services section-content my-small\" data-arts-os-animation=\"true\">\n\t\t\t\t\t<div class=\"container-fluid section-services__container no-gutters\">\n\t\t\t\t\t\t<div class=\"row no-gutters align-items-center\">\n\t\t\t\t\t\t\t<div class=\"col-lg-5 order-lg-2\">\n\t\t\t\t\t\t\t\t\t\t\t\t\t<div class=\"section section-image\" data-arts-parallax=true data-arts-parallax-factor=0.1 data-arts-os-animation=true>\n\t\t\t\t\t\t\t\t\t\t\t\t\t\t<div class=\"section-image__wrapper overflow mask-reveal lazy\"  style=\"padding-bottom: calc( (426 \/ 522) * 100% ); height: 0;\">\n\t\t\t\t\t\t\t\t\t\t\t\t\t<div class=\"mask-reveal__layer mask-reveal__layer-1\">\n\t\t\t\t\t\t<div class=\"mask-reveal__layer mask-reveal__layer-2\">\n\t\t\t\t\t\t\t\t\t\t\t\t\t\t\t\t\t\t<img decoding=\"async\" class=\"\" src=\"data:image\/png;base64,iVBORw0KGgoAAAANSUhEUgAAAAEAAAABCAQAAAHCGzyUAAAABGdBTUEAALGPC\/xhBQAAADhlWElmTU0AKgAAAAgAAYdpAAQAAAABAAAAGgAAAAAAAqACAAQAAAABAAAAAaADAAQAAAABAAAAAQAAAADa6r\/EAAAAC0lEQVQI12NolQQAASYAn89qhTcAAAAASUVORK5CYII=\" data-id=\"2815\" data-src=\"http:\/\/190.146.68.31\/plataproducciones\/wp-content\/uploads\/2020\/07\/eventos-corporativos-e1778156215942.jpg\" width=\"522\" height=\"426\"  data-srcset=\"http:\/\/190.146.68.31\/plataproducciones\/wp-content\/uploads\/2020\/07\/eventos-corporativos-e1778156215942.jpg 522w, http:\/\/190.146.68.31\/plataproducciones\/wp-content\/uploads\/2020\/07\/eventos-corporativos-e1778156215942-300x245.jpg 300w\"   data-sizes=\"(max-width: 522px) 100vw, 522px\"  alt=\"\"\/>\n\t\t\t\t\t\t\t\t\t\t\t\t\t\t\t\t\t\t\t\t\t\t\t\t\t\t\t\t\t\t\t\t\t\t<\/div>\n\t\t\t\t\t<\/div>\n\t\t\t\t\t\t\t\t<\/div>\n\t\t\t\t\t\t\t\t\t\t\t\t\t\t<\/div>\n\t\t\t\t\t\t\t\t\t\t\t<\/div>\n\t\t\t\t\t\t\t<div class=\"col-lg-7 order-lg-1\">\n\t\t\t\t\t\t\t\t<div class=\"section-services__wrapper-content\">\n\t\t\t\t\t\t\t\t\t<div class=\"clearfix container-fluid pt-md-0 pb-md-0 pt-small\">\n\t\t\t\t\t\t\t\t\t\t<div class=\"section-content__inner\">\n\t\t\t\t\t\t\t\t\t\t\t\t\t\t\t\t\t\t\t\t\t\t\t\t\t\t\t\t\t\t\t\t\t\t<div class=\"w-100\"><\/div>\n\t\t\t\t\t\t\t\t\t\t\t\t<h3 class=\"section-content__heading h2 split-text js-split-text\" data-split-text-type=\"lines,words\" data-split-text-set=\"words\">Eventos Corporativos<\/h3>\n\t\t\t\t\t\t\t\t\t\t\t\t\t\t\t\t\t\t\t\t\t\t\t\t\t\t\t\t\t\t\t\t\t\t<div class=\"w-100\"><\/div>\n\t\t\t\t\t\t\t\t\t\t\t\t<p class=\"section-content__text mt-1 paragraph split-text js-split-text\" data-split-text-type=\"lines\" data-split-text-set=\"lines\">Personal de imagen para eventos empresariales, convenciones, lanzamientos y experiencias de marca.<\/p>\n\t\t\t\t\t\t\t\t\t\t\t\t\t\t\t\t\t\t\t\t\t\t\t\t\t\t\t\t\t\t\t\t<\/div>\n\t\t\t\t\t\t\t\t\t<\/div>\n\t\t\t\t\t\t\t\t<\/div>\n\t\t\t\t\t\t\t<\/div>\n\t\t\t\t\t\t<\/div>\n\t\t\t\t\t\t\t\t\t\t\t\t\t\t\t\t\t\t\t\t<div class=\"section-services__wrapper-letter pointer-events-none section-services__wrapper-letter_left pointer-events-none\">\n\t\t\t\t\t\t\t\t<div class=\"section-services__letter\" data-arts-parallax=\"element\" data-arts-parallax-y=\"-30%\">E<\/div>\n\t\t\t\t\t\t\t<\/div>\n\t\t\t\t\t\t\t\t\t\t\t<\/div>\n\t\t\t\t<\/section>\n\t\t\t\t\t\t\t\t\t\t\t<section class=\"section section-services section-content my-small\" data-arts-os-animation=\"true\">\n\t\t\t\t\t<div class=\"container-fluid section-services__container no-gutters\">\n\t\t\t\t\t\t<div class=\"row no-gutters align-items-center\">\n\t\t\t\t\t\t\t<div class=\"col-lg-5 order-lg-1\">\n\t\t\t\t\t\t\t\t\t\t\t\t\t<div class=\"section section-image\" data-arts-parallax=true data-arts-parallax-factor=0.1 data-arts-os-animation=true>\n\t\t\t\t\t\t\t\t\t\t\t\t\t\t<div class=\"section-image__wrapper overflow mask-reveal lazy\"  style=\"padding-bottom: calc( (592 \/ 768) * 100% ); height: 0;\">\n\t\t\t\t\t\t\t\t\t\t\t\t\t<div class=\"mask-reveal__layer mask-reveal__layer-1\">\n\t\t\t\t\t\t<div class=\"mask-reveal__layer mask-reveal__layer-2\">\n\t\t\t\t\t\t\t\t\t\t\t\t\t\t\t\t\t\t<img loading=\"lazy\" decoding=\"async\" class=\"\" src=\"data:image\/png;base64,iVBORw0KGgoAAAANSUhEUgAAAAEAAAABCAQAAAHCGzyUAAAABGdBTUEAALGPC\/xhBQAAADhlWElmTU0AKgAAAAgAAYdpAAQAAAABAAAAGgAAAAAAAqACAAQAAAABAAAAAaADAAQAAAABAAAAAQAAAADa6r\/EAAAAC0lEQVQI12NolQQAASYAn89qhTcAAAAASUVORK5CYII=\" data-id=\"2817\" data-src=\"http:\/\/190.146.68.31\/plataproducciones\/wp-content\/uploads\/2020\/07\/ferias-768x592.jpg\" width=\"768\" height=\"592\"  data-srcset=\"http:\/\/190.146.68.31\/plataproducciones\/wp-content\/uploads\/2020\/07\/ferias-768x592.jpg 768w, http:\/\/190.146.68.31\/plataproducciones\/wp-content\/uploads\/2020\/07\/ferias-300x231.jpg 300w, http:\/\/190.146.68.31\/plataproducciones\/wp-content\/uploads\/2020\/07\/ferias-1024x790.jpg 1024w, http:\/\/190.146.68.31\/plataproducciones\/wp-content\/uploads\/2020\/07\/ferias.jpg 1037w\"   data-sizes=\"(max-width: 768px) 100vw, 768px\"  alt=\"\"\/>\n\t\t\t\t\t\t\t\t\t\t\t\t\t\t\t\t\t\t\t\t\t\t\t\t\t\t\t\t\t\t\t\t\t\t<\/div>\n\t\t\t\t\t<\/div>\n\t\t\t\t\t\t\t\t<\/div>\n\t\t\t\t\t\t\t\t\t\t\t\t\t\t<\/div>\n\t\t\t\t\t\t\t\t\t\t\t<\/div>\n\t\t\t\t\t\t\t<div class=\"col-lg-7 order-lg-2\">\n\t\t\t\t\t\t\t\t<div class=\"section-services__wrapper-content\">\n\t\t\t\t\t\t\t\t\t<div class=\"clearfix container-fluid pt-md-0 pb-md-0 pt-small\">\n\t\t\t\t\t\t\t\t\t\t<div class=\"section-content__inner\">\n\t\t\t\t\t\t\t\t\t\t\t\t\t\t\t\t\t\t\t\t\t\t\t\t\t\t\t\t\t\t\t\t\t\t<div class=\"w-100\"><\/div>\n\t\t\t\t\t\t\t\t\t\t\t\t<h3 class=\"section-content__heading h2 split-text js-split-text\" data-split-text-type=\"lines,words\" data-split-text-set=\"words\">Ferias y Exposiciones<\/h3>\n\t\t\t\t\t\t\t\t\t\t\t\t\t\t\t\t\t\t\t\t\t\t\t\t\t\t\t\t\t\t\t\t\t\t<div class=\"w-100\"><\/div>\n\t\t\t\t\t\t\t\t\t\t\t\t<p class=\"section-content__text mt-1 paragraph split-text js-split-text\" data-split-text-type=\"lines\" data-split-text-set=\"lines\">Modelos y personal de apoyo para stands, atenci\u00f3n al cliente, activaciones y posicionamiento de marca.<\/p>\n\t\t\t\t\t\t\t\t\t\t\t\t\t\t\t\t\t\t\t\t\t\t\t\t\t\t\t\t\t\t\t\t<\/div>\n\t\t\t\t\t\t\t\t\t<\/div>\n\t\t\t\t\t\t\t\t<\/div>\n\t\t\t\t\t\t\t<\/div>\n\t\t\t\t\t\t<\/div>\n\t\t\t\t\t\t\t\t\t\t\t\t\t\t\t\t\t\t\t\t<div class=\"section-services__wrapper-letter pointer-events-none section-services__wrapper-letter_right pointer-events-none\">\n\t\t\t\t\t\t\t\t<div class=\"section-services__letter\" data-arts-parallax=\"element\" data-arts-parallax-y=\"-30%\">F<\/div>\n\t\t\t\t\t\t\t<\/div>\n\t\t\t\t\t\t\t\t\t\t\t<\/div>\n\t\t\t\t<\/section>\n\t\t\t\t\t\t\t\t\t\t\t<section class=\"section section-services section-content my-small\" data-arts-os-animation=\"true\">\n\t\t\t\t\t<div class=\"container-fluid section-services__container no-gutters\">\n\t\t\t\t\t\t<div class=\"row no-gutters align-items-center\">\n\t\t\t\t\t\t\t<div class=\"col-lg-5 order-lg-2\">\n\t\t\t\t\t\t\t\t\t\t\t\t\t<div class=\"section section-image\" data-arts-parallax=true data-arts-parallax-factor=0.1 data-arts-os-animation=true>\n\t\t\t\t\t\t\t\t\t\t\t\t\t\t<div class=\"section-image__wrapper overflow mask-reveal lazy\"  style=\"padding-bottom: calc( (585 \/ 735) * 100% ); height: 0;\">\n\t\t\t\t\t\t\t\t\t\t\t\t\t<div class=\"mask-reveal__layer mask-reveal__layer-1\">\n\t\t\t\t\t\t<div class=\"mask-reveal__layer mask-reveal__layer-2\">\n\t\t\t\t\t\t\t\t\t\t\t\t\t\t\t\t\t\t<img loading=\"lazy\" decoding=\"async\" class=\"\" src=\"data:image\/png;base64,iVBORw0KGgoAAAANSUhEUgAAAAEAAAABCAQAAAHCGzyUAAAABGdBTUEAALGPC\/xhBQAAADhlWElmTU0AKgAAAAgAAYdpAAQAAAABAAAAGgAAAAAAAqACAAQAAAABAAAAAaADAAQAAAABAAAAAQAAAADa6r\/EAAAAC0lEQVQI12NolQQAASYAn89qhTcAAAAASUVORK5CYII=\" data-id=\"2818\" data-src=\"http:\/\/190.146.68.31\/plataproducciones\/wp-content\/uploads\/2020\/07\/impulso.jpg\" width=\"735\" height=\"585\"  data-srcset=\"http:\/\/190.146.68.31\/plataproducciones\/wp-content\/uploads\/2020\/07\/impulso.jpg 735w, http:\/\/190.146.68.31\/plataproducciones\/wp-content\/uploads\/2020\/07\/impulso-300x239.jpg 300w\"   data-sizes=\"(max-width: 735px) 100vw, 735px\"  alt=\"\"\/>\n\t\t\t\t\t\t\t\t\t\t\t\t\t\t\t\t\t\t\t\t\t\t\t\t\t\t\t\t\t\t\t\t\t\t<\/div>\n\t\t\t\t\t<\/div>\n\t\t\t\t\t\t\t\t<\/div>\n\t\t\t\t\t\t\t\t\t\t\t\t\t\t<\/div>\n\t\t\t\t\t\t\t\t\t\t\t<\/div>\n\t\t\t\t\t\t\t<div class=\"col-lg-7 order-lg-1\">\n\t\t\t\t\t\t\t\t<div class=\"section-services__wrapper-content\">\n\t\t\t\t\t\t\t\t\t<div class=\"clearfix container-fluid pt-md-0 pb-md-0 pt-small\">\n\t\t\t\t\t\t\t\t\t\t<div class=\"section-content__inner\">\n\t\t\t\t\t\t\t\t\t\t\t\t\t\t\t\t\t\t\t\t\t\t\t\t\t\t\t\t\t\t\t\t\t\t<div class=\"w-100\"><\/div>\n\t\t\t\t\t\t\t\t\t\t\t\t<h3 class=\"section-content__heading h2 split-text js-split-text\" data-split-text-type=\"lines,words\" data-split-text-set=\"words\">Impulso en Punto de Venta<\/h3>\n\t\t\t\t\t\t\t\t\t\t\t\t\t\t\t\t\t\t\t\t\t\t\t\t\t\t\t\t\t\t\t\t\t\t<div class=\"w-100\"><\/div>\n\t\t\t\t\t\t\t\t\t\t\t\t<p class=\"section-content__text mt-1 paragraph split-text js-split-text\" data-split-text-type=\"lines\" data-split-text-set=\"lines\">Promotores y modelos para degustaciones, campa\u00f1as de impulso y experiencias comerciales en retail.<\/p>\n\t\t\t\t\t\t\t\t\t\t\t\t\t\t\t\t\t\t\t\t\t\t\t\t\t\t\t\t\t\t\t\t<\/div>\n\t\t\t\t\t\t\t\t\t<\/div>\n\t\t\t\t\t\t\t\t<\/div>\n\t\t\t\t\t\t\t<\/div>\n\t\t\t\t\t\t<\/div>\n\t\t\t\t\t\t\t\t\t\t\t\t\t\t\t\t\t\t\t\t<div class=\"section-services__wrapper-letter pointer-events-none section-services__wrapper-letter_left pointer-events-none\">\n\t\t\t\t\t\t\t\t<div class=\"section-services__letter\" data-arts-parallax=\"element\" data-arts-parallax-y=\"-30%\">I<\/div>\n\t\t\t\t\t\t\t<\/div>\n\t\t\t\t\t\t\t\t\t\t\t<\/div>\n\t\t\t\t<\/section>\n\t\t\t\t\t\n\t\t\t\t\t\t<\/div>\n\t\t\t\t<\/section>\n\t\t\t\t<\/section>\n\t\t<section class=\"elementor-element elementor-element-6e1f2bf e-con-full pt-medium pb-medium bg-dark-1 container-fluid arts-elementor-theme-light e-flex e-con e-parent\" data-id=\"6e1f2bf\" data-element_type=\"container\" data-e-type=\"container\" data-settings=\"{&quot;theme_section_color&quot;:&quot;bg-dark-1&quot;,&quot;theme_section_main_theme_text&quot;:&quot;arts-elementor-theme-light&quot;}\">\n\t\t\t\t<div class=\"elementor-element elementor-element-6dc0536 text-center elementor-widget__width-inherit elementor-widget elementor-widget-rhye-widget-content-block\" data-id=\"6dc0536\" data-element_type=\"widget\" data-e-type=\"widget\" data-widget_type=\"rhye-widget-content-block.default\">\n\t\t\t\t\t\n\t\t<div class=\"section section-content clearfix  \" data-arts-os-animation=\"true\">\n\t\t\t\t\t\t<div class=\"section-content__inner\">\n\t\t\t\t\t\t\t\t\t<div class=\"section-content__wrapper-heading\">\n\t\t\t\t\t\t\t\t\t\t\t\t\t<div class=\"section__headline mb-1 mb-md-2\"><\/div>\n\t\t\t\t\t\t\t<div class=\"w-100\"><\/div>\n\t\t\t\t\t\t\t\t\t\t\t\t\t\t\t\t\t\t\t<div class=\"section-content__heading split-text js-split-text mb-1\" data-split-text-type=\"lines,words\" data-split-text-set=\"words\"><h3>Tu marca merece una imagen que impacte<\/h3><\/div>\n\t\t\t\t\t\t\t\t\t\t\t<\/div>\n\t\t\t\t\t\t\t\t\t\t\t\t\t<div class=\"section-content__wrapper-content\">\n\t\t\t\t\t\t\t\t\t\t\t\t\t\t\t\t\t\t\t<div class=\"w-100\"><\/div>\n\t\t\t\t\t\t\t<div class=\"section-content__text split-text js-split-text\" data-split-text-type=\"lines\" data-split-text-set=\"lines\"><p>Cu\u00e9ntanos tu proyecto y te ayudamos a encontrar el talento ideal para hacerlo realidad.<\/p><\/div>\n\t\t\t\t\t\t\t\t\t\t\t<\/div>\n\t\t\t\t\t\t\t\t\t\t\t\t\t<div class=\"section-content__button mt-2\">\n\t\t\t\t\t\t<a class=\"button button_bordered bg-dark-1\" href=\"http:\/\/190.146.68.31\/plataproducciones\/contacto\/\" data-hover=\"Cont\u00e1ctanos ahora\">\n\t\t\t\t\t\t\t<span class=\"button__label-hover\">Cont\u00e1ctanos ahora<\/span>\n\t\t\t\t\t\t<\/a>\n\t\t\t\t\t<\/div>\n\t\t\t\t\t\t\t<\/div>\n\t\t\t\t\t\t\t\t\t\t\t\t\t\t<\/div>\n\n\t\t\t\t\t\t<\/div>\n\t\t\t\t<\/section>\n\t\t\t\t<\/div>\n\t\t","protected":false},"excerpt":{"rendered":"<p>Fotograf\u00eda Comercial Brindamos modelos para campa\u00f1as publicitarias, cat\u00e1logos, editoriales, ecommerce y fotograf\u00eda de marca. F Contenido Digital y Videos Talento para reels, comerciales, videos promocionales, contenido para redes sociales y producciones audiovisuales. C Eventos Corporativos Personal de imagen para eventos empresariales, convenciones, lanzamientos y experiencias de marca. E Ferias y Exposiciones Modelos y personal de [&hellip;]<\/p>\n","protected":false},"author":1,"featured_media":0,"parent":0,"menu_order":0,"comment_status":"closed","ping_status":"closed","template":"","meta":{"_acf_changed":false,"footnotes":""},"class_list":["post-2639","page","type-page","status-publish","hentry"],"acf":[],"_links":{"self":[{"href":"http:\/\/190.146.68.31\/plataproducciones\/wp-json\/wp\/v2\/pages\/2639","targetHints":{"allow":["GET"]}}],"collection":[{"href":"http:\/\/190.146.68.31\/plataproducciones\/wp-json\/wp\/v2\/pages"}],"about":[{"href":"http:\/\/190.146.68.31\/plataproducciones\/wp-json\/wp\/v2\/types\/page"}],"author":[{"embeddable":true,"href":"http:\/\/190.146.68.31\/plataproducciones\/wp-json\/wp\/v2\/users\/1"}],"replies":[{"embeddable":true,"href":"http:\/\/190.146.68.31\/plataproducciones\/wp-json\/wp\/v2\/comments?post=2639"}],"version-history":[{"count":41,"href":"http:\/\/190.146.68.31\/plataproducciones\/wp-json\/wp\/v2\/pages\/2639\/revisions"}],"predecessor-version":[{"id":3023,"href":"http:\/\/190.146.68.31\/plataproducciones\/wp-json\/wp\/v2\/pages\/2639\/revisions\/3023"}],"wp:attachment":[{"href":"http:\/\/190.146.68.31\/plataproducciones\/wp-json\/wp\/v2\/media?parent=2639"}],"curies":[{"name":"wp","href":"https:\/\/api.w.org\/{rel}","templated":true}]}}